{"id":44,"date":"2020-02-23T12:54:37","date_gmt":"2020-02-23T11:54:37","guid":{"rendered":"http:\/\/gesundheitsoase-bodensee.de\/?page_id=44"},"modified":"2022-02-15T10:41:44","modified_gmt":"2022-02-15T09:41:44","slug":"ueber-mich","status":"publish","type":"page","link":"https:\/\/gesundheitsoase-bodensee.de\/index.php\/ueber-mich\/","title":{"rendered":"\u00dcber mich"},"content":{"rendered":"\t\t<div data-elementor-type=\"wp-page\" data-elementor-id=\"44\" class=\"elementor elementor-44\">\n\t\t\t\t\t\t<div class=\"elementor-inner\">\n\t\t\t\t<div class=\"elementor-section-wrap\">\n\t\t\t\t\t\t\t\t\t<section class=\"elementor-section elementor-top-section elementor-element elementor-element-a297a38 elementor-section-stretched elementor-section-full_width elementor-section-height-min-height elementor-section-height-default elementor-section-items-middle\" data-id=\"a297a38\" data-element_type=\"section\" data-settings=\"{&quot;stretch_section&quot;:&quot;section-stretched&quot;,&quot;background_background&quot;:&quot;classic&quot;}\">\n\t\t\t\t\t\t<div class=\"elementor-container elementor-column-gap-default\">\n\t\t\t\t\t\t\t<div class=\"elementor-row\">\n\t\t\t\t\t<div class=\"elementor-column elementor-col-100 elementor-top-column elementor-element elementor-element-50fdc9a\" data-id=\"50fdc9a\" data-element_type=\"column\">\n\t\t\t<div class=\"elementor-column-wrap elementor-element-populated\">\n\t\t\t\t\t\t\t<div class=\"elementor-widget-wrap\">\n\t\t\t\t\t\t<div class=\"elementor-element elementor-element-20423ec elementor-widget elementor-widget-text-editor\" data-id=\"20423ec\" data-element_type=\"widget\" data-widget_type=\"text-editor.default\">\n\t\t\t\t<div class=\"elementor-widget-container\">\n\t\t\t\t\t\t\t\t<div class=\"elementor-text-editor elementor-clearfix\">\n\t\t\t\t<p>\u00a0<\/p><p>\u00a0<\/p><p style=\"text-align: right;\"><em>Sei freundlich zu deinem Leib, damit die Seele Lust hat, darin zu wohnen.<\/em><\/p>\t\t\t\t\t<\/div>\n\t\t\t\t\t\t<\/div>\n\t\t\t\t<\/div>\n\t\t\t\t\t\t<\/div>\n\t\t\t\t\t<\/div>\n\t\t<\/div>\n\t\t\t\t\t\t\t\t<\/div>\n\t\t\t\t\t<\/div>\n\t\t<\/section>\n\t\t\t\t<section class=\"elementor-section elementor-top-section elementor-element elementor-element-4e23637 elementor-section-stretched elementor-section-boxed elementor-section-height-default elementor-section-height-default\" data-id=\"4e23637\" data-element_type=\"section\" data-settings=\"{&quot;stretch_section&quot;:&quot;section-stretched&quot;}\">\n\t\t\t\t\t\t<div class=\"elementor-container elementor-column-gap-default\">\n\t\t\t\t\t\t\t<div class=\"elementor-row\">\n\t\t\t\t\t<div class=\"elementor-column elementor-col-100 elementor-top-column elementor-element elementor-element-a7a43f2\" data-id=\"a7a43f2\" data-element_type=\"column\">\n\t\t\t<div class=\"elementor-column-wrap elementor-element-populated\">\n\t\t\t\t\t\t\t<div class=\"elementor-widget-wrap\">\n\t\t\t\t\t\t<div class=\"elementor-element elementor-element-7a1c300 eael-dual-header-content-align-center elementor-widget elementor-widget-eael-dual-color-header\" data-id=\"7a1c300\" data-element_type=\"widget\" data-widget_type=\"eael-dual-color-header.default\">\n\t\t\t\t<div class=\"elementor-widget-container\">\n\t\t\t\n\t\t        <div class=\"eael-dual-header\">\n\t\t\t\t<h2 class=\"title\"><span  class=\"lead solid-color\">\u00dcBER<\/span> <span>MICH<\/span><\/h2>\n\t\t\t\t<span class=\"subtext\"><\/span>\n\t\t\t\t<\/div>\n\t\n\t\t\n\t\t\n\t\t\n\t\t\t\t<\/div>\n\t\t\t\t<\/div>\n\t\t\t\t<div class=\"elementor-element elementor-element-0b05fa5 eael-team-align-centered elementor-widget elementor-widget-eael-team-member\" data-id=\"0b05fa5\" data-element_type=\"widget\" data-settings=\"{&quot;_animation&quot;:&quot;none&quot;}\" data-widget_type=\"eael-team-member.default\">\n\t\t\t\t<div class=\"elementor-widget-container\">\n\t\t\t\n\n\t<div id=\"eael-team-member-0b05fa5\" class=\"eael-team-item eael-team-members-simple \">\n\t\t<div class=\"eael-team-item-inner\">\n\t\t\t<div class=\"eael-team-image\">\n\t\t\t\t<figure>\n\t\t\t\t\t<img decoding=\"async\" src=\"https:\/\/gesundheitsoase-bodensee.de\/wp-content\/uploads\/2021\/09\/IMG_3009--scaled.jpg\" alt=\"\">\n\t\t\t\t<\/figure>\n\t\t\t\t\n\t\t\t\t\n\t\t\t<\/div>\n\n\t\t\t<div class=\"eael-team-content\">\n\t\t\t\t<h3 class=\"eael-team-member-name\">Priska Wagner<\/h3>\n\t\t\t\t<h4 class=\"eael-team-member-position\">staatlich anerkannte Kosmetikerin<\/h4>\n\n\t\t\t\t\t\t\t\t\t\t\t\t\t\t\t<ul class=\"eael-team-member-social-profiles\">\n\t\t\t\t\t\t\t\t\t\t\t\t\t\t\t\t\t\t\t\t\t\t\t\t\t\t\t\t\t\t\t\t\t\t\t\t\t\t\t\t\t<li class=\"eael-team-member-social-link\">\n\t\t\t\t\t\t\t\t\t\t<a href=\"https:\/\/de-de.facebook.com\/gerbehof\" target=\"_blank\">\n\t\t\t\t\t\t\t\t\t\t\t\t\t\t\t\t\t\t\t\t\t\t\t<i aria-hidden=\"true\" class=\"fab fa-facebook\"><\/i>\t\t\t\t\t\t\t\t\t\t\t\t\t\t\t\t\t\t\t\t\t<\/a>\n\t\t\t\t\t\t\t\t\t<\/li>\n\t\t\t\t\t\t\t\t\t\t\t\t\t\t\t\t\t\t\t\t\t\t\t\t\t\t\t\t\t\t\t\t\t\t\t\t\t\t\t\t\t\t\t\t\t\t\t\t\t<li class=\"eael-team-member-social-link\">\n\t\t\t\t\t\t\t\t\t\t<a href=\"http:\/\/info@gerbehof.de\" target=\"_blank\">\n\t\t\t\t\t\t\t\t\t\t\t\t\t\t\t\t\t\t\t\t\t\t\t<i aria-hidden=\"true\" class=\"far fa-envelope\"><\/i>\t\t\t\t\t\t\t\t\t\t\t\t\t\t\t\t\t\t\t\t\t<\/a>\n\t\t\t\t\t\t\t\t\t<\/li>\n\t\t\t\t\t\t\t\t\t\t\t\t\t\t\t\t\t\t\t\t\t<\/ul>\n\t\t\t\t\t\t\t\t\t\t<p class=\"eael-team-text\">Mein Name ist Priska Wagner. Ich habe 2011 meine Ausbildung zur staatlich anerkannten Kosmetikerin an der Bio Kosmetikschule Dr. G\u00fcmbel in Konstanz erfolgreich abgeschlossen. Anschlie\u00dfend hab Ich meine Praxiserfahrung in Wellnesshotels in Bayern und \u00d6sterreich gefestigt.\n<br><br>\nSeit Fr\u00fchjahr 2012 bin Ich nun im elterlichen Betrieb t\u00e4tig und verw\u00f6hne unsere G\u00e4ste von Kopf bis Fu\u00df. Naturkosmetik war f\u00fcr mich von Anfang an ein Minimum, da Ich selber sehr naturverbunden bin und dies auch meinen G\u00e4sten weiter geben m\u00f6chte. Mit Pharmos Natur hab Ich 2012 gestartet, 2019 habe Ich die Salzburger Biokosmetik Maria\u00b4s entdeckt und seit 2020 wird uns die Stutenmilchkosmetik Criolla aus dem Schwarzwald noch zus\u00e4tzlich bereichern.\n<br><br>\nKommen Sie vorbei und st\u00e4rken Sie ihr ganzheitliches Wohlbefinden. Nicht nur Ihre Haut kommt wieder zum Strahlen, sondern auch Ihr ganzer K\u00f6rper, Geist und Seele\u2026\n<br><br>\nIch freue mich auf Ihren Besuch!\n<br><br>\nHerzlichst<br>\nIhre Priska<\/p>\n\t\t\t\t\t\t\t<\/div>\n\t\t<\/div>\n\t<\/div>\n\t\t\t<\/div>\n\t\t\t\t<\/div>\n\t\t\t\t\t\t<\/div>\n\t\t\t\t\t<\/div>\n\t\t<\/div>\n\t\t\t\t\t\t\t\t<\/div>\n\t\t\t\t\t<\/div>\n\t\t<\/section>\n\t\t\t\t\t\t\t\t\t<\/div>\n\t\t\t<\/div>\n\t\t\t\t\t<\/div>\n\t\t","protected":false},"excerpt":{"rendered":"<p>\u00a0 \u00a0 Sei freundlich zu deinem Leib, damit die Seele Lust hat, darin zu wohnen. \u00dcBER MICH Priska Wagner staatlich anerkannte Kosmetikerin Mein Name ist Priska Wagner. Ich habe 2011 meine Ausbildung zur staatlich anerkannten Kosmetikerin an der Bio Kosmetikschule Dr. G\u00fcmbel in Konstanz erfolgreich abgeschlossen. Anschlie\u00dfend hab Ich meine Praxiserfahrung in Wellnesshotels in Bayern&hellip;&nbsp;<a href=\"https:\/\/gesundheitsoase-bodensee.de\/index.php\/ueber-mich\/\" class=\"\" rel=\"bookmark\">Weiterlesen &raquo;<span class=\"screen-reader-text\">\u00dcber mich<\/span><\/a><\/p>\n","protected":false},"author":3,"featured_media":0,"parent":0,"menu_order":0,"comment_status":"closed","ping_status":"closed","template":"","meta":{"neve_meta_sidebar":"","neve_meta_container":"","neve_meta_enable_content_width":"off","neve_meta_content_width":0,"neve_meta_title_alignment":"","neve_meta_author_avatar":"","neve_post_elements_order":"","neve_meta_disable_header":"","neve_meta_disable_footer":"","neve_meta_disable_title":"on"},"_links":{"self":[{"href":"https:\/\/gesundheitsoase-bodensee.de\/index.php\/wp-json\/wp\/v2\/pages\/44"}],"collection":[{"href":"https:\/\/gesundheitsoase-bodensee.de\/index.php\/wp-json\/wp\/v2\/pages"}],"about":[{"href":"https:\/\/gesundheitsoase-bodensee.de\/index.php\/wp-json\/wp\/v2\/types\/page"}],"author":[{"embeddable":true,"href":"https:\/\/gesundheitsoase-bodensee.de\/index.php\/wp-json\/wp\/v2\/users\/3"}],"replies":[{"embeddable":true,"href":"https:\/\/gesundheitsoase-bodensee.de\/index.php\/wp-json\/wp\/v2\/comments?post=44"}],"version-history":[{"count":26,"href":"https:\/\/gesundheitsoase-bodensee.de\/index.php\/wp-json\/wp\/v2\/pages\/44\/revisions"}],"predecessor-version":[{"id":613,"href":"https:\/\/gesundheitsoase-bodensee.de\/index.php\/wp-json\/wp\/v2\/pages\/44\/revisions\/613"}],"wp:attachment":[{"href":"https:\/\/gesundheitsoase-bodensee.de\/index.php\/wp-json\/wp\/v2\/media?parent=44"}],"curies":[{"name":"wp","href":"https:\/\/api.w.org\/{rel}","templated":true}]}}