{"id":361,"date":"2020-03-29T13:23:29","date_gmt":"2020-03-29T11:23:29","guid":{"rendered":"http:\/\/gesundheitsoase-bodensee.de\/?page_id=361"},"modified":"2022-02-15T11:31:01","modified_gmt":"2022-02-15T10:31:01","slug":"natur-innenspabereich","status":"publish","type":"page","link":"https:\/\/gesundheitsoase-bodensee.de\/index.php\/natur-innenspabereich\/","title":{"rendered":"Naturspa"},"content":{"rendered":"\t\t<div data-elementor-type=\"wp-page\" data-elementor-id=\"361\" class=\"elementor elementor-361\">\n\t\t\t\t\t\t<div class=\"elementor-inner\">\n\t\t\t\t<div class=\"elementor-section-wrap\">\n\t\t\t\t\t\t\t\t\t<section class=\"elementor-section elementor-top-section elementor-element elementor-element-7724e48 elementor-section-stretched elementor-section-full_width elementor-section-height-min-height elementor-section-height-default elementor-section-items-middle\" data-id=\"7724e48\" data-element_type=\"section\" data-settings=\"{&quot;stretch_section&quot;:&quot;section-stretched&quot;,&quot;background_background&quot;:&quot;classic&quot;}\">\n\t\t\t\t\t\t<div class=\"elementor-container elementor-column-gap-default\">\n\t\t\t\t\t\t\t<div class=\"elementor-row\">\n\t\t\t\t\t<div class=\"elementor-column elementor-col-100 elementor-top-column elementor-element elementor-element-d8d15ab\" data-id=\"d8d15ab\" data-element_type=\"column\">\n\t\t\t<div class=\"elementor-column-wrap elementor-element-populated\">\n\t\t\t\t\t\t\t<div class=\"elementor-widget-wrap\">\n\t\t\t\t\t\t<div class=\"elementor-element elementor-element-e9f87a7 elementor-widget elementor-widget-heading\" data-id=\"e9f87a7\" data-element_type=\"widget\" data-widget_type=\"heading.default\">\n\t\t\t\t<div class=\"elementor-widget-container\">\n\t\t\t<h2 class=\"elementor-heading-title elementor-size-default\">NATURSPA<\/h2>\t\t<\/div>\n\t\t\t\t<\/div>\n\t\t\t\t\t\t<\/div>\n\t\t\t\t\t<\/div>\n\t\t<\/div>\n\t\t\t\t\t\t\t\t<\/div>\n\t\t\t\t\t<\/div>\n\t\t<\/section>\n\t\t\t\t<section class=\"elementor-section elementor-top-section elementor-element elementor-element-6e90de4 elementor-section-stretched elementor-section-boxed elementor-section-height-default elementor-section-height-default\" data-id=\"6e90de4\" data-element_type=\"section\" data-settings=\"{&quot;stretch_section&quot;:&quot;section-stretched&quot;,&quot;background_background&quot;:&quot;classic&quot;}\">\n\t\t\t\t\t\t\t<div class=\"elementor-background-overlay\"><\/div>\n\t\t\t\t\t\t\t<div class=\"elementor-container elementor-column-gap-default\">\n\t\t\t\t\t\t\t<div class=\"elementor-row\">\n\t\t\t\t\t<div class=\"elementor-column elementor-col-100 elementor-top-column elementor-element elementor-element-55ed904\" data-id=\"55ed904\" data-element_type=\"column\">\n\t\t\t<div class=\"elementor-column-wrap elementor-element-populated\">\n\t\t\t\t\t\t\t<div class=\"elementor-widget-wrap\">\n\t\t\t\t\t\t<div class=\"elementor-element elementor-element-5090a7c elementor-widget elementor-widget-spacer\" data-id=\"5090a7c\" data-element_type=\"widget\" data-widget_type=\"spacer.default\">\n\t\t\t\t<div class=\"elementor-widget-container\">\n\t\t\t\t\t<div class=\"elementor-spacer\">\n\t\t\t<div class=\"elementor-spacer-inner\"><\/div>\n\t\t<\/div>\n\t\t\t\t<\/div>\n\t\t\t\t<\/div>\n\t\t\t\t<div class=\"elementor-element elementor-element-ca68f27 elementor-widget elementor-widget-eael-adv-tabs\" data-id=\"ca68f27\" data-element_type=\"widget\" data-widget_type=\"eael-adv-tabs.default\">\n\t\t\t\t<div class=\"elementor-widget-container\">\n\t\t\t        <div id=\"eael-advance-tabs-ca68f27\" class=\"eael-advance-tabs eael-tabs-horizontal eael-tab-auto-active\" data-tabid=\"ca68f27\">\n            <div class=\"eael-tabs-nav\">\n                <ul class=\"eael-tab-inline-icon\">\n                                            <li id=\"natur-innenspabereich\" class=\"inactive eael-tab-item-trigger\" aria-selected=\"true\" data-tab=\"1\" role=\"tab\" tabindex=\"0\" aria-controls=\"natur-innenspabereich-tab\" aria-expanded=\"false\">\n                            \n                                                                <i class=\"fas fa-tree\"><\/i>                                                            \n                                                            <span class=\"eael-tab-title  title-after-icon\">Natur-Innenspabereich<\/span>                            \n                                                    <\/li>\n                                            <li id=\"rustikale-blockhaussauna\" class=\"inactive eael-tab-item-trigger\" aria-selected=\"false\" data-tab=\"2\" role=\"tab\" tabindex=\"-1\" aria-controls=\"rustikale-blockhaussauna-tab\" aria-expanded=\"false\">\n                            \n                                                                <i class=\"fas fa-home\"><\/i>                                                            \n                                                            <span class=\"eael-tab-title  title-after-icon\">Rustikale Blockhaussauna<\/span>                            \n                                                    <\/li>\n                                            <li id=\"privat-spa\" class=\"inactive eael-tab-item-trigger\" aria-selected=\"false\" data-tab=\"3\" role=\"tab\" tabindex=\"-1\" aria-controls=\"privat-spa-tab\" aria-expanded=\"false\">\n                            \n                                                                <i class=\"fas fa-spa\"><\/i>                                                            \n                                                            <span class=\"eael-tab-title  title-after-icon\">Privat-Spa<\/span>                            \n                                                    <\/li>\n                                            <li id=\"day-spa\" class=\"inactive eael-tab-item-trigger\" aria-selected=\"false\" data-tab=\"4\" role=\"tab\" tabindex=\"-1\" aria-controls=\"day-spa-tab\" aria-expanded=\"false\">\n                            \n                                                                <i class=\"fas fa-sun\"><\/i>                                                            \n                                                            <span class=\"eael-tab-title  title-after-icon\">Day-Spa<\/span>                            \n                                                    <\/li>\n                                    <\/ul>\n            <\/div>\n            \n            <div class=\"eael-tabs-content\">\n\t\t        \n                    <div id=\"natur-innenspabereich-tab\" class=\"clearfix eael-tab-content-item inactive\" data-title-link=\"natur-innenspabereich-tab\">\n\t\t\t\t        \t\t\t\t\t        <p>In unserem Natur-Innenspabereich finden Sie handgemachte Saunen wie eine 90 Crad Baura-Sauna, ein Sanarium, eine Trockensalz-Solegrotte, Infrarotkabine, einen Bachlauf mit Wasserfall, Felsenduschen und einen Ruhebereich vor.<\/p><p>Unser gesamter Natur-Spabereich wurde mit eigenem Holz gebaut und handgeschreinert. Der Wasserfall wurde mit Steinen aus der Rheinm\u00fcndung und der Boden mit Silberquarzit, einem Heilstein aus S\u00fcdtirol, erbaut. Hier vereinen sich Feuer, Wasser, Erde und Luft. Die vier Elemente in ihrer reinsten Qualit\u00e4t.<\/p><p>Inkl. bei \u00dcbernachtung im Bio Landhotel.<\/p><p><strong>F\u00fcr G\u00e4ste der Ferienwohnungen | <\/strong><strong>20 \u20ac<\/strong><\/p><p><strong>\u00a0<\/strong><\/p><p><img decoding=\"async\" src=\"https:\/\/gesundheitsoase-bodensee.de\/wp-content\/uploads\/2020\/04\/Natur_Innenspabereich.jpg\" \/><\/p>\t\t\t\t                            <\/div>\n\t\t        \n                    <div id=\"rustikale-blockhaussauna-tab\" class=\"clearfix eael-tab-content-item inactive\" data-title-link=\"rustikale-blockhaussauna-tab\">\n\t\t\t\t        \t\t\t\t\t        <p>Unseren Au\u00dfen-Wellnessbereich mit Au\u00dfenblockhaussauna bis 75 Grad, Blockhausruheraum mit H\u00e4ngeliegen, rustikale Kaltwasser- Felsendusche, Kneippbachlauf und Liegewiese.<\/p><p><strong>Individuelle Buchung als Privatsauna<\/strong><br \/><strong>2-3 Stunden | ab 25 \u20ac<\/strong><\/p><p><img decoding=\"async\" src=\"https:\/\/gesundheitsoase-bodensee.de\/wp-content\/uploads\/2020\/04\/Blockhaussaune.jpg\" \/><\/p>\t\t\t\t                            <\/div>\n\t\t        \n                    <div id=\"privat-spa-tab\" class=\"clearfix eael-tab-content-item inactive\" data-title-link=\"privat-spa-tab\">\n\t\t\t\t        \t\t\t\t\t        <p>Eine Auszeit vom Alltag bietet auch unser Privat-Spa-Bereich in traumhafter Atmosph\u00e4re, einem aus Naturstein hergestellten Dampfbad, einer mit Felsen der Rheinm\u00fcndung eingemauerten Whirlwanne und einem Heubett mit duftendem Bergheu zum Nachruhen.<\/p><hr style=\"border: 1px solid grey;\" \/><p style=\"text-align: center;\">Unser Angebot f\u00fcr Sie:<\/p><p style=\"text-align: center;\"><strong>Auszeit f\u00fcr Zwei<\/strong><\/p><ul><li style=\"text-align: center;\">Dampfbad mit Meersalzpeeling zum Einreiben<\/li><li style=\"text-align: center;\">Entspanntes Bad in der Whirlwanne<\/li><li style=\"text-align: center;\">Nachruhe im Heubett<\/li><li style=\"text-align: center;\">Obstteller und Prosecco<\/li><\/ul><p style=\"text-align: center;\"><strong>120 min | 100 \u20ac<\/strong><\/p><p style=\"text-align: center;\"><strong>Inkl. Ein\u00f6lung f\u00fcr Sie und Ihn | 120 \u20ac<\/strong><\/p><p><img decoding=\"async\" src=\"https:\/\/gesundheitsoase-bodensee.de\/wp-content\/uploads\/2020\/04\/Gerbehof-Pano-1.jpg\" \/><\/p>\t\t\t\t                            <\/div>\n\t\t        \n                    <div id=\"day-spa-tab\" class=\"clearfix eael-tab-content-item inactive\" data-title-link=\"day-spa-tab\">\n\t\t\t\t        \t\t\t\t\t        <center>Wenn Sie Interesse an Day-Spa haben, senden Sie uns bitte eine individuelle Anfrage.<\/center>\t\t\t\t                            <\/div>\n\t\t                    <\/div>\n        <\/div>\n\t\t<\/div>\n\t\t\t\t<\/div>\n\t\t\t\t\t\t<\/div>\n\t\t\t\t\t<\/div>\n\t\t<\/div>\n\t\t\t\t\t\t\t\t<\/div>\n\t\t\t\t\t<\/div>\n\t\t<\/section>\n\t\t\t\t<section class=\"elementor-section elementor-top-section elementor-element elementor-element-1e149ac elementor-section-boxed elementor-section-height-default elementor-section-height-default\" data-id=\"1e149ac\" data-element_type=\"section\">\n\t\t\t\t\t\t<div class=\"elementor-container elementor-column-gap-default\">\n\t\t\t\t\t\t\t<div class=\"elementor-row\">\n\t\t\t\t\t<div class=\"elementor-column elementor-col-100 elementor-top-column elementor-element elementor-element-dccdae3\" data-id=\"dccdae3\" data-element_type=\"column\">\n\t\t\t<div class=\"elementor-column-wrap elementor-element-populated\">\n\t\t\t\t\t\t\t<div class=\"elementor-widget-wrap\">\n\t\t\t\t\t\t<div class=\"elementor-element elementor-element-386dbab elementor-widget elementor-widget-spacer\" data-id=\"386dbab\" data-element_type=\"widget\" data-widget_type=\"spacer.default\">\n\t\t\t\t<div class=\"elementor-widget-container\">\n\t\t\t\t\t<div class=\"elementor-spacer\">\n\t\t\t<div class=\"elementor-spacer-inner\"><\/div>\n\t\t<\/div>\n\t\t\t\t<\/div>\n\t\t\t\t<\/div>\n\t\t\t\t\t\t<\/div>\n\t\t\t\t\t<\/div>\n\t\t<\/div>\n\t\t\t\t\t\t\t\t<\/div>\n\t\t\t\t\t<\/div>\n\t\t<\/section>\n\t\t\t\t<section class=\"elementor-section elementor-top-section elementor-element elementor-element-1b69c1e elementor-section-boxed elementor-section-height-default elementor-section-height-default\" data-id=\"1b69c1e\" data-element_type=\"section\">\n\t\t\t\t\t\t<div class=\"elementor-container elementor-column-gap-default\">\n\t\t\t\t\t\t\t<div class=\"elementor-row\">\n\t\t\t\t\t<div class=\"elementor-column elementor-col-100 elementor-top-column elementor-element elementor-element-3b8dfaa\" data-id=\"3b8dfaa\" data-element_type=\"column\">\n\t\t\t<div class=\"elementor-column-wrap elementor-element-populated\">\n\t\t\t\t\t\t\t<div class=\"elementor-widget-wrap\">\n\t\t\t\t\t\t<div class=\"elementor-element elementor-element-6473256 elementor-align-center elementor-widget elementor-widget-button\" data-id=\"6473256\" data-element_type=\"widget\" data-widget_type=\"button.default\">\n\t\t\t\t<div class=\"elementor-widget-container\">\n\t\t\t\t\t<div class=\"elementor-button-wrapper\">\n\t\t\t<a href=\"http:\/\/gesundheitsoase-bodensee.de\/?page_id=46\" class=\"elementor-button-link elementor-button elementor-size-md elementor-animation-grow\" role=\"button\">\n\t\t\t\t\t\t<span class=\"elementor-button-content-wrapper\">\n\t\t\t\t\t\t<span class=\"elementor-button-text\">Jetzt Termin vereinbaren<\/span>\n\t\t<\/span>\n\t\t\t\t\t<\/a>\n\t\t<\/div>\n\t\t\t\t<\/div>\n\t\t\t\t<\/div>\n\t\t\t\t\t\t<\/div>\n\t\t\t\t\t<\/div>\n\t\t<\/div>\n\t\t\t\t\t\t\t\t<\/div>\n\t\t\t\t\t<\/div>\n\t\t<\/section>\n\t\t\t\t<section class=\"elementor-section elementor-top-section elementor-element elementor-element-545816b elementor-section-boxed elementor-section-height-default elementor-section-height-default\" data-id=\"545816b\" data-element_type=\"section\">\n\t\t\t\t\t\t<div class=\"elementor-container elementor-column-gap-default\">\n\t\t\t\t\t\t\t<div class=\"elementor-row\">\n\t\t\t\t\t<div class=\"elementor-column elementor-col-100 elementor-top-column elementor-element elementor-element-56495cd\" data-id=\"56495cd\" data-element_type=\"column\">\n\t\t\t<div class=\"elementor-column-wrap elementor-element-populated\">\n\t\t\t\t\t\t\t<div class=\"elementor-widget-wrap\">\n\t\t\t\t\t\t<div class=\"elementor-element elementor-element-8546442 elementor-widget elementor-widget-spacer\" data-id=\"8546442\" data-element_type=\"widget\" data-widget_type=\"spacer.default\">\n\t\t\t\t<div class=\"elementor-widget-container\">\n\t\t\t\t\t<div class=\"elementor-spacer\">\n\t\t\t<div class=\"elementor-spacer-inner\"><\/div>\n\t\t<\/div>\n\t\t\t\t<\/div>\n\t\t\t\t<\/div>\n\t\t\t\t\t\t<\/div>\n\t\t\t\t\t<\/div>\n\t\t<\/div>\n\t\t\t\t\t\t\t\t<\/div>\n\t\t\t\t\t<\/div>\n\t\t<\/section>\n\t\t\t\t\t\t\t\t\t<\/div>\n\t\t\t<\/div>\n\t\t\t\t\t<\/div>\n\t\t","protected":false},"excerpt":{"rendered":"<p>NATURSPA Natur-Innenspabereich Rustikale Blockhaussauna Privat-Spa Day-Spa In unserem Natur-Innenspabereich finden Sie handgemachte Saunen wie eine 90 Crad Baura-Sauna, ein Sanarium, eine Trockensalz-Solegrotte, Infrarotkabine, einen Bachlauf mit Wasserfall, Felsenduschen und einen Ruhebereich vor. Unser gesamter Natur-Spabereich wurde mit eigenem Holz gebaut und handgeschreinert. Der Wasserfall wurde mit Steinen aus der Rheinm\u00fcndung und der Boden mit Silberquarzit,&hellip;&nbsp;<a href=\"https:\/\/gesundheitsoase-bodensee.de\/index.php\/natur-innenspabereich\/\" class=\"\" rel=\"bookmark\">Weiterlesen &raquo;<span class=\"screen-reader-text\">Naturspa<\/span><\/a><\/p>\n","protected":false},"author":3,"featured_media":0,"parent":0,"menu_order":0,"comment_status":"closed","ping_status":"closed","template":"page-templates\/template-pagebuilder-full-width.php","meta":{"neve_meta_sidebar":"","neve_meta_container":"","neve_meta_enable_content_width":"off","neve_meta_content_width":0,"neve_meta_title_alignment":"","neve_meta_author_avatar":"","neve_post_elements_order":"","neve_meta_disable_header":"","neve_meta_disable_footer":"","neve_meta_disable_title":""},"_links":{"self":[{"href":"https:\/\/gesundheitsoase-bodensee.de\/index.php\/wp-json\/wp\/v2\/pages\/361"}],"collection":[{"href":"https:\/\/gesundheitsoase-bodensee.de\/index.php\/wp-json\/wp\/v2\/pages"}],"about":[{"href":"https:\/\/gesundheitsoase-bodensee.de\/index.php\/wp-json\/wp\/v2\/types\/page"}],"author":[{"embeddable":true,"href":"https:\/\/gesundheitsoase-bodensee.de\/index.php\/wp-json\/wp\/v2\/users\/3"}],"replies":[{"embeddable":true,"href":"https:\/\/gesundheitsoase-bodensee.de\/index.php\/wp-json\/wp\/v2\/comments?post=361"}],"version-history":[{"count":21,"href":"https:\/\/gesundheitsoase-bodensee.de\/index.php\/wp-json\/wp\/v2\/pages\/361\/revisions"}],"predecessor-version":[{"id":652,"href":"https:\/\/gesundheitsoase-bodensee.de\/index.php\/wp-json\/wp\/v2\/pages\/361\/revisions\/652"}],"wp:attachment":[{"href":"https:\/\/gesundheitsoase-bodensee.de\/index.php\/wp-json\/wp\/v2\/media?parent=361"}],"curies":[{"name":"wp","href":"https:\/\/api.w.org\/{rel}","templated":true}]}}