{"id":248,"date":"2020-03-19T20:20:49","date_gmt":"2020-03-19T19:20:49","guid":{"rendered":"http:\/\/gesundheitsoase-bodensee.de\/?page_id=248"},"modified":"2022-02-15T11:34:32","modified_gmt":"2022-02-15T10:34:32","slug":"massagen","status":"publish","type":"page","link":"https:\/\/gesundheitsoase-bodensee.de\/index.php\/massagen\/","title":{"rendered":"Massagen"},"content":{"rendered":"\t\t<div data-elementor-type=\"wp-page\" data-elementor-id=\"248\" class=\"elementor elementor-248\">\n\t\t\t\t\t\t<div class=\"elementor-inner\">\n\t\t\t\t<div class=\"elementor-section-wrap\">\n\t\t\t\t\t\t\t\t\t<section class=\"elementor-section elementor-top-section elementor-element elementor-element-7724e48 elementor-section-stretched elementor-section-full_width elementor-section-height-min-height elementor-section-height-default elementor-section-items-middle\" data-id=\"7724e48\" data-element_type=\"section\" data-settings=\"{&quot;stretch_section&quot;:&quot;section-stretched&quot;,&quot;background_background&quot;:&quot;classic&quot;}\">\n\t\t\t\t\t\t<div class=\"elementor-container elementor-column-gap-default\">\n\t\t\t\t\t\t\t<div class=\"elementor-row\">\n\t\t\t\t\t<div class=\"elementor-column elementor-col-100 elementor-top-column elementor-element elementor-element-d8d15ab\" data-id=\"d8d15ab\" data-element_type=\"column\">\n\t\t\t<div class=\"elementor-column-wrap elementor-element-populated\">\n\t\t\t\t\t\t\t<div class=\"elementor-widget-wrap\">\n\t\t\t\t\t\t<div class=\"elementor-element elementor-element-e9f87a7 elementor-widget elementor-widget-heading\" data-id=\"e9f87a7\" data-element_type=\"widget\" data-widget_type=\"heading.default\">\n\t\t\t\t<div class=\"elementor-widget-container\">\n\t\t\t<h2 class=\"elementor-heading-title elementor-size-default\">MASSAGEN<\/h2>\t\t<\/div>\n\t\t\t\t<\/div>\n\t\t\t\t\t\t<\/div>\n\t\t\t\t\t<\/div>\n\t\t<\/div>\n\t\t\t\t\t\t\t\t<\/div>\n\t\t\t\t\t<\/div>\n\t\t<\/section>\n\t\t\t\t<section class=\"elementor-section elementor-top-section elementor-element elementor-element-eddc518 elementor-section-boxed elementor-section-height-default elementor-section-height-default\" data-id=\"eddc518\" data-element_type=\"section\">\n\t\t\t\t\t\t<div class=\"elementor-container elementor-column-gap-default\">\n\t\t\t\t\t\t\t<div class=\"elementor-row\">\n\t\t\t\t\t<div class=\"elementor-column elementor-col-100 elementor-top-column elementor-element elementor-element-937d1f0\" data-id=\"937d1f0\" data-element_type=\"column\">\n\t\t\t<div class=\"elementor-column-wrap\">\n\t\t\t\t\t\t\t<div class=\"elementor-widget-wrap\">\n\t\t\t\t\t\t\t\t<\/div>\n\t\t\t\t\t<\/div>\n\t\t<\/div>\n\t\t\t\t\t\t\t\t<\/div>\n\t\t\t\t\t<\/div>\n\t\t<\/section>\n\t\t\t\t<section class=\"elementor-section elementor-top-section elementor-element elementor-element-6e90de4 elementor-section-stretched elementor-section-boxed elementor-section-height-default elementor-section-height-default\" data-id=\"6e90de4\" data-element_type=\"section\" data-settings=\"{&quot;stretch_section&quot;:&quot;section-stretched&quot;,&quot;background_background&quot;:&quot;classic&quot;}\">\n\t\t\t\t\t\t\t<div class=\"elementor-background-overlay\"><\/div>\n\t\t\t\t\t\t\t<div class=\"elementor-container elementor-column-gap-default\">\n\t\t\t\t\t\t\t<div class=\"elementor-row\">\n\t\t\t\t\t<div class=\"elementor-column elementor-col-100 elementor-top-column elementor-element elementor-element-55ed904\" data-id=\"55ed904\" data-element_type=\"column\">\n\t\t\t<div class=\"elementor-column-wrap elementor-element-populated\">\n\t\t\t\t\t\t\t<div class=\"elementor-widget-wrap\">\n\t\t\t\t\t\t<div class=\"elementor-element elementor-element-5090a7c elementor-widget elementor-widget-spacer\" data-id=\"5090a7c\" data-element_type=\"widget\" data-widget_type=\"spacer.default\">\n\t\t\t\t<div class=\"elementor-widget-container\">\n\t\t\t\t\t<div class=\"elementor-spacer\">\n\t\t\t<div class=\"elementor-spacer-inner\"><\/div>\n\t\t<\/div>\n\t\t\t\t<\/div>\n\t\t\t\t<\/div>\n\t\t\t\t<div class=\"elementor-element elementor-element-ca68f27 elementor-widget elementor-widget-eael-adv-tabs\" data-id=\"ca68f27\" data-element_type=\"widget\" data-widget_type=\"eael-adv-tabs.default\">\n\t\t\t\t<div class=\"elementor-widget-container\">\n\t\t\t        <div id=\"eael-advance-tabs-ca68f27\" class=\"eael-advance-tabs eael-tabs-horizontal eael-tab-auto-active\" data-tabid=\"ca68f27\">\n            <div class=\"eael-tabs-nav\">\n                <ul class=\"eael-tab-inline-icon\">\n                                            <li id=\"standardmassagen\" class=\"inactive eael-tab-item-trigger\" aria-selected=\"true\" data-tab=\"1\" role=\"tab\" tabindex=\"0\" aria-controls=\"standardmassagen-tab\" aria-expanded=\"false\">\n                            \n                                                        \n                                                            <span class=\"eael-tab-title  title-after-icon\">Standardmassagen<\/span>                            \n                                                    <\/li>\n                                            <li id=\"massage-nach-viktor-philippi\" class=\"inactive eael-tab-item-trigger\" aria-selected=\"false\" data-tab=\"2\" role=\"tab\" tabindex=\"-1\" aria-controls=\"massage-nach-viktor-philippi-tab\" aria-expanded=\"false\">\n                            \n                                                        \n                                                            <span class=\"eael-tab-title  title-after-icon\">Massage nach Viktor Philippi<\/span>                            \n                                                    <\/li>\n                                            <li id=\"vegetodynamik\" class=\"inactive eael-tab-item-trigger\" aria-selected=\"false\" data-tab=\"3\" role=\"tab\" tabindex=\"-1\" aria-controls=\"vegetodynamik-tab\" aria-expanded=\"false\">\n                            \n                                                        \n                                                            <span class=\"eael-tab-title  title-after-icon\">VegetoDynamik\u00ae<\/span>                            \n                                                    <\/li>\n                                    <\/ul>\n            <\/div>\n            \n            <div class=\"eael-tabs-content\">\n\t\t        \n                    <div id=\"standardmassagen-tab\" class=\"clearfix eael-tab-content-item inactive\" data-title-link=\"standardmassagen-tab\">\n\t\t\t\t        \t\t\t\t\t        <p>R\u00fccken \u2018Gerbehof\u2019<br \/><b>20 Min <strong>|<\/strong> 30 \u20ac<\/b><\/p><p>Ganzk\u00f6rper \u00b4Gerbehof\u2019<br \/><b>40 min <strong>|<\/strong> 50 \u20ac<br \/><\/b><\/p><p>Entspannungsmassage mit pflegender K\u00f6rperbutter<br \/><b>ca. 45 min <strong>|<\/strong> 60 \u20ac<\/b><\/p><p>Gerbehof\u2019s Steinmassage<br \/>Leichte ausleitende Ganzk\u00f6rpermassage mit warmen \u00d6len und Steinen<br \/><b>ca. 60 min <strong>|<\/strong> 75 \u20ac<\/b><\/p>\t\t\t\t                            <\/div>\n\t\t        \n                    <div id=\"massage-nach-viktor-philippi-tab\" class=\"clearfix eael-tab-content-item inactive\" data-title-link=\"massage-nach-viktor-philippi-tab\">\n\t\t\t\t        \t\t\t\t\t        <p><strong>R\u00fccken mit warmen Energiesteinen aus schwarzem Basalt:<\/strong><br \/>Durch dieses Massageerlebnis versp\u00fcren Sie wieder Kraft und Energie sowie k\u00f6rperliches Wohlbefinden.\u00a0Durch den mit Gold eingravierten Energiekreis wird die Wirkung der Steine verst\u00e4rkt und sorgt somit f\u00fcr die Verbesserung des Energieflusses. Unterst\u00fctzend bei Stress und Nervosit\u00e4t zur Tiefenentspannung als auch bei verspannter Muskulatur.<br \/><b>25 min <strong>|<\/strong> 35 \u20ac<\/b><\/p><p><img decoding=\"async\" loading=\"lazy\" class=\"alignnone size-medium wp-image-548\" src=\"https:\/\/gesundheitsoase-bodensee.de\/wp-content\/uploads\/2020\/04\/Massage_Stein-300x199.jpg\" alt=\"\" width=\"300\" height=\"199\" srcset=\"https:\/\/gesundheitsoase-bodensee.de\/wp-content\/uploads\/2020\/04\/Massage_Stein-300x199.jpg 300w, https:\/\/gesundheitsoase-bodensee.de\/wp-content\/uploads\/2020\/04\/Massage_Stein-1024x678.jpg 1024w, https:\/\/gesundheitsoase-bodensee.de\/wp-content\/uploads\/2020\/04\/Massage_Stein-768x508.jpg 768w, https:\/\/gesundheitsoase-bodensee.de\/wp-content\/uploads\/2020\/04\/Massage_Stein-930x620.jpg 930w, https:\/\/gesundheitsoase-bodensee.de\/wp-content\/uploads\/2020\/04\/Massage_Stein.jpg 1183w\" sizes=\"(max-width: 300px) 100vw, 300px\" \/><\/p><p><strong>R\u00fccken Pressmassage:<\/strong><br \/>Die Pressmassage ist eine einfache, hocheffektive\u00a0Methode um den R\u00fccken in Form zu bringen und von Verspannungen zu befreien. Mit den vier verschiedenenMassagestempeln wird die R\u00fcckenmuskulatur rechts und links neben der Wirbels\u00e4ule bearbeitet. Dadurch wird die Durchblutung angeregt und die Akupressurpunkte<\/p><p>aktiviert.<br \/><strong>25 min | 35 \u20ac<\/strong><\/p>\t\t\t\t                            <\/div>\n\t\t        \n                    <div id=\"vegetodynamik-tab\" class=\"clearfix eael-tab-content-item inactive\" data-title-link=\"vegetodynamik-tab\">\n\t\t\t\t        \t\t\t\t\t        <p><strong>Sanfte Kopf-Nacken Behandlung:<\/strong><br \/>Eine Massage f\u00fcr Schulter und Nacken, befreit den\u00a0Kopf von Stress, entspannt die Gesichtsz\u00fcge und<br \/>entlastet den Nacken. Vitalisierende Behandlung\u00a0mit dem Aloe-Vera-Frischpflanzenblatt.<br \/><strong>ca. 25 min \/ 40 \u20ac<\/strong><\/p><p><strong>Vegetodynamische Fu\u00df- und Beinmassage:<\/strong><br \/>Wohltuende Fu\u00df-Kompressen bilden die Grundlage f\u00fcr eine entspannende Massagebehandlung von<br \/>Zehen, F\u00fc\u00dfen, Beinen und Gelenken.<br \/><strong>ca. 35 Min. \/ 60 \u20ac<\/strong><\/p><p><strong>Vegetodynamische Ganzk\u00f6rperbehandlung: <\/strong><br \/>Tiefenentspannung von Kopf bis Fu\u00df.<br \/><strong>ca. 60 min \/ 90 \u20ac<\/strong><\/p><hr style=\"height: 1px; border: none; color: #000; background-color: #000; width: 50%;\" \/><p><strong>Was bedeutet VegetoDynamik?<\/strong><\/p><p>VegetoDynamik\u00ae nach Margot Esser ist eine sanfte, ganzheitliche K\u00f6rper-Behandlungsmethode, die den\u00a0Menschen tief zu sich selbst f\u00fchrt und ihn in ein neues Gleichgewicht bringt. Durch achtsame Ber\u00fchrungen\u00a0und Massagen, die auf Ihre Bed\u00fcrfnisse abgestimmt sind, sowie ausgew\u00e4hlte Heilpflanzen werden\u00a0Blockaden gel\u00f6st und gestaute Lebensenergie zum Flie\u00dfen gebracht. Auf diese Weise wird ein Zustand\u00a0h\u00f6chsten Wohlbefindens und innerer Zufriedenheit erreicht. Die in jedem Menschen innewohnenden\u00a0Selbstheilungskr\u00e4fte werden aktiviert, k\u00f6rperliche und seelische Schlackenstoffe werden mobilisiert und\u00a0ausgeleitet. Sie werden zu Ihrer eigenen tiefen, inneren Kraft- und Gl\u00fccksquelle gef\u00fchrt. Spannkraft und\u00a0Ausstrahlung, gespeist aus der inneren Kraftquelle, werden f\u00fcr Sie rasch sicht- und vor allem sp\u00fcrbar.<\/p>\t\t\t\t                            <\/div>\n\t\t                    <\/div>\n        <\/div>\n\t\t<\/div>\n\t\t\t\t<\/div>\n\t\t\t\t\t\t<\/div>\n\t\t\t\t\t<\/div>\n\t\t<\/div>\n\t\t\t\t\t\t\t\t<\/div>\n\t\t\t\t\t<\/div>\n\t\t<\/section>\n\t\t\t\t<section class=\"elementor-section elementor-top-section elementor-element elementor-element-b0b969e elementor-section-boxed elementor-section-height-default elementor-section-height-default\" data-id=\"b0b969e\" data-element_type=\"section\">\n\t\t\t\t\t\t<div class=\"elementor-container elementor-column-gap-default\">\n\t\t\t\t\t\t\t<div class=\"elementor-row\">\n\t\t\t\t\t<div class=\"elementor-column elementor-col-100 elementor-top-column elementor-element elementor-element-7430515\" data-id=\"7430515\" data-element_type=\"column\">\n\t\t\t<div class=\"elementor-column-wrap elementor-element-populated\">\n\t\t\t\t\t\t\t<div class=\"elementor-widget-wrap\">\n\t\t\t\t\t\t<div class=\"elementor-element elementor-element-5dcee07 elementor-widget elementor-widget-spacer\" data-id=\"5dcee07\" data-element_type=\"widget\" data-widget_type=\"spacer.default\">\n\t\t\t\t<div class=\"elementor-widget-container\">\n\t\t\t\t\t<div class=\"elementor-spacer\">\n\t\t\t<div class=\"elementor-spacer-inner\"><\/div>\n\t\t<\/div>\n\t\t\t\t<\/div>\n\t\t\t\t<\/div>\n\t\t\t\t<div class=\"elementor-element elementor-element-be27fa8 elementor-align-center elementor-widget elementor-widget-button\" data-id=\"be27fa8\" data-element_type=\"widget\" data-widget_type=\"button.default\">\n\t\t\t\t<div class=\"elementor-widget-container\">\n\t\t\t\t\t<div class=\"elementor-button-wrapper\">\n\t\t\t<a href=\"http:\/\/gesundheitsoase-bodensee.de\/?page_id=46\" class=\"elementor-button-link elementor-button elementor-size-md elementor-animation-grow\" role=\"button\">\n\t\t\t\t\t\t<span class=\"elementor-button-content-wrapper\">\n\t\t\t\t\t\t<span class=\"elementor-button-text\">Jetzt Termin vereinbaren<\/span>\n\t\t<\/span>\n\t\t\t\t\t<\/a>\n\t\t<\/div>\n\t\t\t\t<\/div>\n\t\t\t\t<\/div>\n\t\t\t\t\t\t<\/div>\n\t\t\t\t\t<\/div>\n\t\t<\/div>\n\t\t\t\t\t\t\t\t<\/div>\n\t\t\t\t\t<\/div>\n\t\t<\/section>\n\t\t\t\t<section class=\"elementor-section elementor-top-section elementor-element elementor-element-a5c8aa9 elementor-section-boxed elementor-section-height-default elementor-section-height-default\" data-id=\"a5c8aa9\" data-element_type=\"section\">\n\t\t\t\t\t\t<div class=\"elementor-container elementor-column-gap-default\">\n\t\t\t\t\t\t\t<div class=\"elementor-row\">\n\t\t\t\t\t<div class=\"elementor-column elementor-col-100 elementor-top-column elementor-element elementor-element-c8c6bd8\" data-id=\"c8c6bd8\" data-element_type=\"column\">\n\t\t\t<div class=\"elementor-column-wrap elementor-element-populated\">\n\t\t\t\t\t\t\t<div class=\"elementor-widget-wrap\">\n\t\t\t\t\t\t<div class=\"elementor-element elementor-element-ec6d5dd elementor-widget elementor-widget-spacer\" data-id=\"ec6d5dd\" data-element_type=\"widget\" data-widget_type=\"spacer.default\">\n\t\t\t\t<div class=\"elementor-widget-container\">\n\t\t\t\t\t<div class=\"elementor-spacer\">\n\t\t\t<div class=\"elementor-spacer-inner\"><\/div>\n\t\t<\/div>\n\t\t\t\t<\/div>\n\t\t\t\t<\/div>\n\t\t\t\t\t\t<\/div>\n\t\t\t\t\t<\/div>\n\t\t<\/div>\n\t\t\t\t\t\t\t\t<\/div>\n\t\t\t\t\t<\/div>\n\t\t<\/section>\n\t\t\t\t<section class=\"elementor-section elementor-top-section elementor-element elementor-element-027f6bb elementor-section-stretched elementor-section-full_width elementor-section-height-min-height elementor-section-height-default elementor-section-items-middle\" data-id=\"027f6bb\" data-element_type=\"section\" data-settings=\"{&quot;stretch_section&quot;:&quot;section-stretched&quot;,&quot;background_background&quot;:&quot;classic&quot;}\">\n\t\t\t\t\t\t<div class=\"elementor-container elementor-column-gap-default\">\n\t\t\t\t\t\t\t<div class=\"elementor-row\">\n\t\t\t\t\t<div class=\"elementor-column elementor-col-100 elementor-top-column elementor-element elementor-element-815dc1a\" data-id=\"815dc1a\" data-element_type=\"column\">\n\t\t\t<div class=\"elementor-column-wrap\">\n\t\t\t\t\t\t\t<div class=\"elementor-widget-wrap\">\n\t\t\t\t\t\t\t\t<\/div>\n\t\t\t\t\t<\/div>\n\t\t<\/div>\n\t\t\t\t\t\t\t\t<\/div>\n\t\t\t\t\t<\/div>\n\t\t<\/section>\n\t\t\t\t\t\t\t\t\t<\/div>\n\t\t\t<\/div>\n\t\t\t\t\t<\/div>\n\t\t","protected":false},"excerpt":{"rendered":"<p>MASSAGEN Standardmassagen Massage nach Viktor Philippi VegetoDynamik\u00ae R\u00fccken \u2018Gerbehof\u201920 Min | 30 \u20ac Ganzk\u00f6rper \u00b4Gerbehof\u201940 min | 50 \u20ac Entspannungsmassage mit pflegender K\u00f6rperbutterca. 45 min | 60 \u20ac Gerbehof\u2019s SteinmassageLeichte ausleitende Ganzk\u00f6rpermassage mit warmen \u00d6len und Steinenca. 60 min | 75 \u20ac R\u00fccken mit warmen Energiesteinen aus schwarzem Basalt:Durch dieses Massageerlebnis versp\u00fcren Sie wieder Kraft&hellip;&nbsp;<a href=\"https:\/\/gesundheitsoase-bodensee.de\/index.php\/massagen\/\" class=\"\" rel=\"bookmark\">Weiterlesen &raquo;<span class=\"screen-reader-text\">Massagen<\/span><\/a><\/p>\n","protected":false},"author":3,"featured_media":0,"parent":0,"menu_order":0,"comment_status":"closed","ping_status":"closed","template":"page-templates\/template-pagebuilder-full-width.php","meta":{"neve_meta_sidebar":"","neve_meta_container":"","neve_meta_enable_content_width":"off","neve_meta_content_width":0,"neve_meta_title_alignment":"","neve_meta_author_avatar":"","neve_post_elements_order":"","neve_meta_disable_header":"","neve_meta_disable_footer":"","neve_meta_disable_title":""},"_links":{"self":[{"href":"https:\/\/gesundheitsoase-bodensee.de\/index.php\/wp-json\/wp\/v2\/pages\/248"}],"collection":[{"href":"https:\/\/gesundheitsoase-bodensee.de\/index.php\/wp-json\/wp\/v2\/pages"}],"about":[{"href":"https:\/\/gesundheitsoase-bodensee.de\/index.php\/wp-json\/wp\/v2\/types\/page"}],"author":[{"embeddable":true,"href":"https:\/\/gesundheitsoase-bodensee.de\/index.php\/wp-json\/wp\/v2\/users\/3"}],"replies":[{"embeddable":true,"href":"https:\/\/gesundheitsoase-bodensee.de\/index.php\/wp-json\/wp\/v2\/comments?post=248"}],"version-history":[{"count":17,"href":"https:\/\/gesundheitsoase-bodensee.de\/index.php\/wp-json\/wp\/v2\/pages\/248\/revisions"}],"predecessor-version":[{"id":658,"href":"https:\/\/gesundheitsoase-bodensee.de\/index.php\/wp-json\/wp\/v2\/pages\/248\/revisions\/658"}],"wp:attachment":[{"href":"https:\/\/gesundheitsoase-bodensee.de\/index.php\/wp-json\/wp\/v2\/media?parent=248"}],"curies":[{"name":"wp","href":"https:\/\/api.w.org\/{rel}","templated":true}]}}